{"id":11,"date":"2021-02-10T02:33:27","date_gmt":"2021-02-10T02:33:27","guid":{"rendered":"http:\/\/sw-themes.com\/porto_dummy\/?page_id=11"},"modified":"2022-04-12T16:35:39","modified_gmt":"2022-04-12T16:35:39","slug":"uber-uns","status":"publish","type":"page","link":"https:\/\/mmreinigung.at\/en\/uber-uns\/","title":{"rendered":"\u00dcber uns"},"content":{"rendered":"<div data-elementor-type=\"wp-page\" data-elementor-id=\"11\" class=\"elementor elementor-11\">\n\t\t\t\t\t\t\t\t\t<section class=\"elementor-section elementor-top-section elementor-element elementor-element-1e079d7c elementor-section-boxed elementor-section-height-default elementor-section-height-default\" data-id=\"1e079d7c\" data-element_type=\"section\">\r\n\t\t\r\n\t\t\t\t\t\t\t<div class=\"elementor-container elementor-column-gap-default\">\r\n\t\t\t\t\t\t\t\t\t\t\t<div class=\"elementor-column elementor-col-50 elementor-top-column elementor-element elementor-element-722d68a9\" data-id=\"722d68a9\" data-element_type=\"column\">\r\n\t\t\t\t\t<div class=\"elementor-widget-wrap\">\r\n\t\t\t\t\t\t\t\t\t<\/div>\r\n\t\t\t\t<\/div>\r\n\t\t\t\t<div class=\"elementor-column elementor-col-50 elementor-top-column elementor-element elementor-element-38edd801\" data-id=\"38edd801\" data-element_type=\"column\">\r\n\t\t\t\t\t<div class=\"elementor-widget-wrap elementor-element-populated\">\r\n\t\t\t\t\t\t\t\t<div class=\"elementor-element elementor-element-68f42757 elementor-widget elementor-widget-image\" data-id=\"68f42757\" data-element_type=\"widget\" data-widget_type=\"image.default\">\n\t\t\t\t<div class=\"elementor-widget-container\">\n\t\t\t<style>\/*! elementor - v3.18.0 - 08-12-2023 *\/\n.elementor-widget-image{text-align:center}.elementor-widget-image a{display:inline-block}.elementor-widget-image a img[src$=\".svg\"]{width:48px}.elementor-widget-image img{vertical-align:middle;display:inline-block}<\/style>\t\t\t\t\t\t\t\t\t\t\t\t<img decoding=\"async\" src=\"https:\/\/mmreinigung.at\/wp-content\/uploads\/elementor\/thumbs\/meisterbetrieb-pml6b95uneuc4xmgxzzcuu9mqvaiprygz5o1dqe0bk.png\" title=\"meisterbetrieb\" alt=\"meisterbetrieb\" loading=\"lazy\" \/>\t\t\t\t\t\t\t\t\t\t\t\t\t\t\t<\/div>\n\t\t\t\t<\/div>\n\t\t\t\t\t<\/div>\r\n\t\t\t\t<\/div>\r\n\t\t\t\t\t<\/div>\r\n\t\t\t\t<\/section>\r\n\t\t\t\t<section class=\"elementor-section elementor-top-section elementor-element elementor-element-9f7b067 elementor-section-content-middle elementor-section-boxed elementor-section-height-default elementor-section-height-default\" data-id=\"9f7b067\" data-element_type=\"section\" id=\"aboutus\">\r\n\t\t\r\n\t\t\t\t\t\t\t<div class=\"elementor-container elementor-column-gap-default\">\r\n\t\t\t\t\t\t\t\t\t\t\t<div class=\"elementor-column elementor-col-50 elementor-top-column elementor-element elementor-element-689cc3d5 mb-5 mb-lg-0\" data-id=\"689cc3d5\" data-element_type=\"column\">\r\n\t\t\t\t\t<div class=\"elementor-widget-wrap elementor-element-populated\">\r\n\t\t\t\t\t\t\t\t<div class=\"elementor-section elementor-inner-section elementor-element elementor-element-78204399 elementor-section-boxed elementor-section-height-default elementor-section-height-default\" data-id=\"78204399\" data-element_type=\"section\">\r\n\t\t\r\n\t\t\t\t\t\t\t<div class=\"elementor-container elementor-column-gap-default\">\r\n\t\t\t\t\t\t\t\t\t\t\t<div class=\"elementor-column elementor-col-50 elementor-inner-column elementor-element elementor-element-73db79e3 custom-width-1 custom-height-2 custom-height-1\" data-id=\"73db79e3\" data-element_type=\"column\">\r\n\t\t\t\t\t<div class=\"elementor-widget-wrap elementor-element-populated\">\r\n\t\t\t\t\t\t\t\t<div class=\"elementor-element elementor-element-2d646345  mb-4 custom-box-shadow-1 elementor-widget elementor-widget-image\" data-id=\"2d646345\" data-element_type=\"widget\" data-widget_type=\"image.default\">\n\t\t\t\t<div class=\"elementor-widget-container\">\n\t\t\t\t\t\t\t\t\t\t\t\t\t\t\t<img fetchpriority=\"high\" decoding=\"async\" width=\"400\" height=\"300\" src=\"https:\/\/mmreinigung.at\/wp-content\/uploads\/2022\/04\/shutterstock_slika3-400x300.jpg\" class=\"attachment-blog-grid-small size-blog-grid-small wp-image-3967\" alt=\"\" \/>\t\t\t\t\t\t\t\t\t\t\t\t\t\t\t<\/div>\n\t\t\t\t<\/div>\n\t\t\t\t<div class=\"elementor-element elementor-element-9356cd6 custom-box-shadow-1 mb-0 elementor-widget elementor-widget-image\" data-id=\"9356cd6\" data-element_type=\"widget\" data-widget_type=\"image.default\">\n\t\t\t\t<div class=\"elementor-widget-container\">\n\t\t\t\t\t\t\t\t\t\t\t\t\t\t\t<img decoding=\"async\" src=\"https:\/\/mmreinigung.at\/wp-content\/uploads\/2022\/03\/woman-worker-cleaning-floor-with-polishing-machine-1.jpg\" title=\"\" alt=\"\" loading=\"lazy\" \/>\t\t\t\t\t\t\t\t\t\t\t\t\t\t\t<\/div>\n\t\t\t\t<\/div>\n\t\t\t\t<div class=\"elementor-element elementor-element-6bdd365 custom-box-shadow-1 mb-0 elementor-widget elementor-widget-image\" data-id=\"6bdd365\" data-element_type=\"widget\" data-widget_type=\"image.default\">\n\t\t\t\t<div class=\"elementor-widget-container\">\n\t\t\t\t\t\t\t\t\t\t\t\t\t\t\t<img decoding=\"async\" width=\"400\" height=\"300\" src=\"https:\/\/mmreinigung.at\/wp-content\/uploads\/2022\/04\/iStock-Slika-1-400x300.jpg\" class=\"attachment-blog-grid-small size-blog-grid-small wp-image-3971\" alt=\"\" \/>\t\t\t\t\t\t\t\t\t\t\t\t\t\t\t<\/div>\n\t\t\t\t<\/div>\n\t\t\t\t\t<\/div>\r\n\t\t\t\t<\/div>\r\n\t\t\t\t<div class=\"elementor-column elementor-col-50 elementor-inner-column elementor-element elementor-element-2f1991e custom-width-1 custom-height-2 custom-height-1\" data-id=\"2f1991e\" data-element_type=\"column\">\r\n\t\t\t\t\t<div class=\"elementor-widget-wrap elementor-element-populated\">\r\n\t\t\t\t\t\t\t\t<div class=\"elementor-element elementor-element-1bf44c64  mb-4 custom-box-shadow-1 elementor-widget elementor-widget-image\" data-id=\"1bf44c64\" data-element_type=\"widget\" data-widget_type=\"image.default\">\n\t\t\t\t<div class=\"elementor-widget-container\">\n\t\t\t\t\t\t\t\t\t\t\t\t\t\t\t<img decoding=\"async\" width=\"400\" height=\"300\" src=\"https:\/\/mmreinigung.at\/wp-content\/uploads\/2022\/04\/shutterstock_slika4-400x300.jpg\" class=\"attachment-blog-grid-small size-blog-grid-small wp-image-3969\" alt=\"\" \/>\t\t\t\t\t\t\t\t\t\t\t\t\t\t\t<\/div>\n\t\t\t\t<\/div>\n\t\t\t\t<div class=\"elementor-element elementor-element-a6e2e32 custom-box-shadow-1 mb-0 elementor-widget elementor-widget-image\" data-id=\"a6e2e32\" data-element_type=\"widget\" data-widget_type=\"image.default\">\n\t\t\t\t<div class=\"elementor-widget-container\">\n\t\t\t\t\t\t\t\t\t\t\t\t\t\t\t<img loading=\"lazy\" decoding=\"async\" width=\"400\" height=\"300\" src=\"https:\/\/mmreinigung.at\/wp-content\/uploads\/2022\/03\/car-mechanic-repair-service-center-cleaning-using-mops-roll-water-from-epoxy-floor-car-repair-service-center-Custom-400x300.jpg\" class=\"attachment-blog-grid-small size-blog-grid-small wp-image-3290\" alt=\"\" \/>\t\t\t\t\t\t\t\t\t\t\t\t\t\t\t<\/div>\n\t\t\t\t<\/div>\n\t\t\t\t\t<\/div>\r\n\t\t\t\t<\/div>\r\n\t\t\t\t\t<\/div>\r\n\t\t\t\t<\/div>\r\n\t\t\t\t\t<\/div>\r\n\t\t\t\t<\/div>\r\n\t\t\t\t<div class=\"elementor-column elementor-col-50 elementor-top-column elementor-element elementor-element-53cc189b ps-lg-4 ps-xl-5 m-t-n-sm\" data-id=\"53cc189b\" data-element_type=\"column\">\r\n\t\t\t\t\t<div class=\"elementor-widget-wrap elementor-element-populated\">\r\n\t\t\t\t\t\t\t\t<div class=\"elementor-element elementor-element-7281308 elementor-invisible elementor-widget elementor-widget-porto_ultimate_heading\" data-id=\"7281308\" data-element_type=\"widget\" data-settings=\"{&quot;_animation&quot;:&quot;fadeInUp&quot;,&quot;_animation_delay&quot;:250}\" data-widget_type=\"porto_ultimate_heading.default\">\n\t\t\t\t<div class=\"elementor-widget-container\">\n\t\t\t<div class=\"porto-u-heading  porto-u-4280\"><div class=\"porto-u-main-heading\"><h3    style=\"margin-bottom: 24px;\">ABOUT US<\/h3><\/div><div class=\"porto-u-sub-heading\" style=\"margin-bottom:18px;\"><p>As a family-run company, it is particularly important to us to be able to respond quickly to the wishes of our customers through personal contact and empathy. We are experienced, reliable, discreet and always focused on good results. Because of this, we really appreciated working with great clients.<\/p><\/div><style>.porto-u-4280.porto-u-heading{text-align:center}<\/style><\/div>\t\t<\/div>\n\t\t\t\t<\/div>\n\t\t\t\t<section class=\"elementor-section elementor-inner-section elementor-element elementor-element-6fe86f16 elementor-section-content-middle elementor-hidden-mobile elementor-section-boxed elementor-section-height-default elementor-section-height-default elementor-invisible\" data-id=\"6fe86f16\" data-element_type=\"section\" data-settings=\"{&quot;animation&quot;:&quot;fadeInUp&quot;,&quot;animation_delay&quot;:750}\">\r\n\t\t\r\n\t\t\t\t\t\t\t<div class=\"elementor-container elementor-column-gap-default\">\r\n\t\t\t\t\t\t\t\t\t\t\t<div class=\"elementor-column elementor-col-50 elementor-inner-column elementor-element elementor-element-6d99437c\" data-id=\"6d99437c\" data-element_type=\"column\">\r\n\t\t\t\t\t<div class=\"elementor-widget-wrap elementor-element-populated\">\r\n\t\t\t\t\t\t\t\t<div class=\"elementor-element elementor-element-54cbb901 elementor-widget elementor-widget-porto_info_box\" data-id=\"54cbb901\" data-element_type=\"widget\" data-widget_type=\"porto_info_box.default\">\n\t\t\t\t<div class=\"elementor-widget-container\">\n\t\t\t<div class=\"porto-sicon-box style_1 default-icon\"><div class=\"porto-sicon-default\"><div id=\"porto-icon-54233532269e733cb4dda1\" class=\"porto-just-icon-wrapper porto-sicon-img\" style=\"margin-right:8px;\"><img decoding=\"async\" class=\"img-icon\" alt=\"\" src=\"http:\/\/3233\" width=\"\" height=\"\" \/><\/div><\/div><div class=\"porto-sicon-header\"><h3 class=\"porto-sicon-title\" style=\"\">240+<\/h3><p >Satisfied Clients<\/p><\/div> <!-- header --><\/div><!-- porto-sicon-box -->\t\t<\/div>\n\t\t\t\t<\/div>\n\t\t\t\t\t<\/div>\r\n\t\t\t\t<\/div>\r\n\t\t\t\t<div class=\"elementor-column elementor-col-50 elementor-inner-column elementor-element elementor-element-66d567a0\" data-id=\"66d567a0\" data-element_type=\"column\">\r\n\t\t\t\t\t<div class=\"elementor-widget-wrap elementor-element-populated\">\r\n\t\t\t\t\t\t\t\t<div class=\"elementor-element elementor-element-1ce39e58 mb-0 elementor-widget elementor-widget-heading\" data-id=\"1ce39e58\" data-element_type=\"widget\" data-widget_type=\"heading.default\">\n\t\t\t\t<div class=\"elementor-widget-container\">\n\t\t\t<style>\/*! elementor - v3.18.0 - 08-12-2023 *\/\n.elementor-heading-title{padding:0;margin:0;line-height:1}.elementor-widget-heading .elementor-heading-title[class*=elementor-size-]>a{color:inherit;font-size:inherit;line-height:inherit}.elementor-widget-heading .elementor-heading-title.elementor-size-small{font-size:15px}.elementor-widget-heading .elementor-heading-title.elementor-size-medium{font-size:19px}.elementor-widget-heading .elementor-heading-title.elementor-size-large{font-size:29px}.elementor-widget-heading .elementor-heading-title.elementor-size-xl{font-size:39px}.elementor-widget-heading .elementor-heading-title.elementor-size-xxl{font-size:59px}<\/style><p class=\"elementor-heading-title elementor-size-default\">\u201eJust clean. Simply beautiful.\u201c<\/p>\t\t<\/div>\n\t\t\t\t<\/div>\n\t\t\t\t\t<\/div>\r\n\t\t\t\t<\/div>\r\n\t\t\t\t\t<\/div>\r\n\t\t\t\t<\/section>\r\n\t\t\t\t\t<\/div>\r\n\t\t\t\t<\/div>\r\n\t\t\t\t\t<\/div>\r\n\t\t\t\t<\/section>\r\n\t\t\t\t\t\t\t<\/div>","protected":false},"excerpt":{"rendered":"<p>\u00dcBER UNS Als familiengef\u00fchrtes Unternehmen ist es uns ein besonderes Anliegen durch den pers\u00f6nlichen Kontakt und Empathie schnell auf die W\u00fcnsche unserer Kunden eingehen zu k\u00f6nnen. Wir sind erfahren, verl\u00e4sslich, diskret sowie jederzeit auf gute Ergebnisse fokussiert. Aus diesem Grund sch\u00e4tzten wir es sehr, mit gro\u00dfartigen Kunden zusammenzuarbeiten. 240+ Zufriedene Kunden \u201eEinfach sauber. Einfach sch\u00f6n.\u201c<\/p>","protected":false},"author":1,"featured_media":0,"parent":0,"menu_order":0,"comment_status":"closed","ping_status":"closed","template":"","meta":{"footnotes":""},"class_list":["post-11","page","type-page","status-publish","hentry"],"_links":{"self":[{"href":"https:\/\/mmreinigung.at\/en\/wp-json\/wp\/v2\/pages\/11","targetHints":{"allow":["GET"]}}],"collection":[{"href":"https:\/\/mmreinigung.at\/en\/wp-json\/wp\/v2\/pages"}],"about":[{"href":"https:\/\/mmreinigung.at\/en\/wp-json\/wp\/v2\/types\/page"}],"author":[{"embeddable":true,"href":"https:\/\/mmreinigung.at\/en\/wp-json\/wp\/v2\/users\/1"}],"replies":[{"embeddable":true,"href":"https:\/\/mmreinigung.at\/en\/wp-json\/wp\/v2\/comments?post=11"}],"version-history":[{"count":10,"href":"https:\/\/mmreinigung.at\/en\/wp-json\/wp\/v2\/pages\/11\/revisions"}],"predecessor-version":[{"id":4226,"href":"https:\/\/mmreinigung.at\/en\/wp-json\/wp\/v2\/pages\/11\/revisions\/4226"}],"wp:attachment":[{"href":"https:\/\/mmreinigung.at\/en\/wp-json\/wp\/v2\/media?parent=11"}],"curies":[{"name":"wp","href":"https:\/\/api.w.org\/{rel}","templated":true}]}}