{"id":19,"date":"2021-02-10T02:37:02","date_gmt":"2021-02-10T02:37:02","guid":{"rendered":"http:\/\/sw-themes.com\/porto_dummy\/?page_id=19"},"modified":"2023-12-16T10:14:03","modified_gmt":"2023-12-16T10:14:03","slug":"leistungen","status":"publish","type":"page","link":"https:\/\/mmreinigung.at\/en\/leistungen\/","title":{"rendered":"Leistungen"},"content":{"rendered":"<div data-elementor-type=\"wp-page\" data-elementor-id=\"19\" class=\"elementor elementor-19\">\n\t\t\t\t\t\t\t\t\t<section class=\"elementor-section elementor-top-section elementor-element elementor-element-37d897a flex-wrap elementor-section-boxed elementor-section-height-default elementor-section-height-default\" data-id=\"37d897a\" data-element_type=\"section\">\r\n\t\t\r\n\t\t\t\t\t\t\t<div class=\"elementor-container elementor-column-gap-default\">\r\n\t\t\t\t\t\t\t\t\t\t\t<div class=\"elementor-column elementor-col-100 elementor-top-column elementor-element elementor-element-7146b37 w-100\" data-id=\"7146b37\" data-element_type=\"column\">\r\n\t\t\t\t\t<div class=\"elementor-widget-wrap elementor-element-populated\">\r\n\t\t\t\t\t\t\t\t<div class=\"elementor-element elementor-element-d8731f3 container elementor-widget elementor-widget-porto_ultimate_heading\" data-id=\"d8731f3\" data-element_type=\"widget\" data-widget_type=\"porto_ultimate_heading.default\">\n\t\t\t\t<div class=\"elementor-widget-container\">\n\t\t\t<div class=\"porto-u-heading  porto-u-5794\"><div class=\"porto-u-main-heading\"><h2    style=\"margin-bottom: 1.4rem;\">M&amp;M Reinigung<\/h2><\/div><div class=\"porto-u-sub-heading\" style=\"\"><p>Wir von M&amp;M Reinigung e.U. bieten Ihnen m\u00fchelos und unkompliziert einen qualitativen Reinigungsservice rund um Ihre Immobilie. Mit unserem Rundumservice bringen wir alles mit, was f\u00fcr ein sauberes Ergebnis notwendig ist.<\/p><\/div><style>.porto-u-5794.porto-u-heading{text-align:center}<\/style><\/div>\t\t<\/div>\n\t\t\t\t<\/div>\n\t\t\t\t\t<\/div>\r\n\t\t\t\t<\/div>\r\n\t\t\t\t\t<\/div>\r\n\t\t\t\t<\/section>\r\n\t\t\t\t<section class=\"elementor-section elementor-top-section elementor-element elementor-element-70e7d11a p-t-xxl p-b-xxl elementor-section-full_width elementor-section-stretched elementor-section-height-default elementor-section-height-default\" data-id=\"70e7d11a\" data-element_type=\"section\" id=\"solutions\" data-settings=\"{&quot;stretch_section&quot;:&quot;section-stretched&quot;}\">\r\n\t\t\r\n\t\t\t\t\t\t\t<div class=\"elementor-container elementor-column-gap-default\">\r\n\t\t\t\t\t\t\t\t\t\t\t<div class=\"elementor-column elementor-col-100 elementor-top-column elementor-element elementor-element-6316652b\" data-id=\"6316652b\" data-element_type=\"column\">\r\n\t\t\t\t\t<div class=\"elementor-widget-wrap elementor-element-populated\">\r\n\t\t\t\t\t\t\t\t<section class=\"elementor-section elementor-inner-section elementor-element elementor-element-101f4a8b solution-container elementor-section-full_width elementor-section-height-default elementor-section-height-default elementor-invisible\" data-id=\"101f4a8b\" data-element_type=\"section\" data-settings=\"{&quot;animation&quot;:&quot;fadeIn&quot;,&quot;animation_delay&quot;:&quot;300&quot;,&quot;background_background&quot;:&quot;classic&quot;,&quot;item_margin&quot;:0}\">\r\n\t\t\r\n\t\t\t\t\t\t\t<div class=\"elementor-container elementor-column-gap-no porto-carousel owl-carousel has-ccols ccols-1 ccols-lg-3 ccols-sl-4\" data-plugin-options=\"{&quot;margin&quot;:0,&quot;items&quot;:4,&quot;nav&quot;:true,&quot;dots&quot;:false,&quot;loop&quot;:false,&quot;mouseDrag&quot;:true,&quot;touchDrag&quot;:true,&quot;themeConfig&quot;:true,&quot;responsive&quot;:{&quot;0&quot;:1,&quot;991&quot;:3,&quot;1440&quot;:4},&quot;autoplay&quot;:true,&quot;autoplayTimeout&quot;:2400,&quot;autoplayHoverPause&quot;:true}\">\r\n\t\t\t\t\t\t\t\t\t\t\t<div class=\"elementor-column elementor-col-12 elementor-inner-column elementor-element elementor-element-28a112c0\" data-id=\"28a112c0\" data-element_type=\"column\">\r\n\t\t\t\t\t<div class=\"elementor-widget-wrap elementor-element-populated\">\r\n\t\t\t\t\t\t\t\t<div class=\"elementor-element elementor-element-2d1c445b solution-box elementor-widget elementor-widget-porto_info_box\" data-id=\"2d1c445b\" data-element_type=\"widget\" data-widget_type=\"porto_info_box.default\">\n\t\t\t\t<div class=\"elementor-widget-container\">\n\t\t\t<div class=\"porto-sicon-box style_2 top-icon\"><div class=\"porto-sicon-top\"><div id=\"porto-icon-193490581369e4523492a11\" class=\"porto-just-icon-wrapper porto-sicon-img\" style=\"\"><img decoding=\"async\" class=\"img-icon\" alt=\"\" src=\"https:\/\/mmreinigung.at\/wp-content\/uploads\/2022\/03\/002-office-building.png\" width=\"128\" height=\"128\" \/><\/div><\/div><div class=\"porto-sicon-header\"><h3 class=\"porto-sicon-title\" style=\"\">Maintenance Cleaning<\/h3><\/div> <!-- header --><\/div><!-- porto-sicon-box -->\t\t<\/div>\n\t\t\t\t<\/div>\n\t\t\t\t\t<\/div>\r\n\t\t\t\t<\/div>\r\n\t\t\t\t<div class=\"elementor-column elementor-col-12 elementor-inner-column elementor-element elementor-element-1aa219cd\" data-id=\"1aa219cd\" data-element_type=\"column\">\r\n\t\t\t\t\t<div class=\"elementor-widget-wrap elementor-element-populated\">\r\n\t\t\t\t\t\t\t\t<div class=\"elementor-element elementor-element-7d897583 solution-box elementor-widget elementor-widget-porto_info_box\" data-id=\"7d897583\" data-element_type=\"widget\" data-widget_type=\"porto_info_box.default\">\n\t\t\t\t<div class=\"elementor-widget-container\">\n\t\t\t<div class=\"porto-sicon-box style_2 top-icon\"><div class=\"porto-sicon-top\"><div id=\"porto-icon-47454083769e4523493104\" class=\"porto-just-icon-wrapper porto-sicon-img\" style=\"\"><img decoding=\"async\" class=\"img-icon\" alt=\"\" src=\"https:\/\/mmreinigung.at\/wp-content\/uploads\/2022\/03\/003-wet-floor.png\" width=\"128\" height=\"128\" \/><\/div><\/div><div class=\"porto-sicon-header\"><h3 class=\"porto-sicon-title\" style=\"\">Special Cleaning<\/h3><\/div> <!-- header --><\/div><!-- porto-sicon-box -->\t\t<\/div>\n\t\t\t\t<\/div>\n\t\t\t\t\t<\/div>\r\n\t\t\t\t<\/div>\r\n\t\t\t\t<div class=\"elementor-column elementor-col-12 elementor-inner-column elementor-element elementor-element-5bb599c1\" data-id=\"5bb599c1\" data-element_type=\"column\">\r\n\t\t\t\t\t<div class=\"elementor-widget-wrap elementor-element-populated\">\r\n\t\t\t\t\t\t\t\t<div class=\"elementor-element elementor-element-73c7d5b2 solution-box elementor-widget elementor-widget-porto_info_box\" data-id=\"73c7d5b2\" data-element_type=\"widget\" data-widget_type=\"porto_info_box.default\">\n\t\t\t\t<div class=\"elementor-widget-container\">\n\t\t\t<div class=\"porto-sicon-box style_2 top-icon\"><div class=\"porto-sicon-top\"><div id=\"porto-icon-78444350969e452349379e\" class=\"porto-just-icon-wrapper porto-sicon-img\" style=\"\"><img decoding=\"async\" class=\"img-icon\" alt=\"\" src=\"https:\/\/mmreinigung.at\/wp-content\/uploads\/2022\/03\/001-window.png\" width=\"128\" height=\"128\" \/><\/div><\/div><div class=\"porto-sicon-header\"><h3 class=\"porto-sicon-title\" style=\"\">Glass and Frame Cleaning<\/h3><\/div> <!-- header --><\/div><!-- porto-sicon-box -->\t\t<\/div>\n\t\t\t\t<\/div>\n\t\t\t\t\t<\/div>\r\n\t\t\t\t<\/div>\r\n\t\t\t\t<div class=\"elementor-column elementor-col-12 elementor-inner-column elementor-element elementor-element-42de67ce\" data-id=\"42de67ce\" data-element_type=\"column\">\r\n\t\t\t\t\t<div class=\"elementor-widget-wrap elementor-element-populated\">\r\n\t\t\t\t\t\t\t\t<div class=\"elementor-element elementor-element-35ccb09c solution-box elementor-widget elementor-widget-porto_info_box\" data-id=\"35ccb09c\" data-element_type=\"widget\" data-widget_type=\"porto_info_box.default\">\n\t\t\t\t<div class=\"elementor-widget-container\">\n\t\t\t<div class=\"porto-sicon-box style_2 top-icon\"><div class=\"porto-sicon-top\"><div id=\"porto-icon-104600923169e4523493eb6\" class=\"porto-just-icon-wrapper porto-sicon-img\" style=\"\"><img loading=\"lazy\" decoding=\"async\" class=\"img-icon\" alt=\"\" src=\"https:\/\/mmreinigung.at\/wp-content\/uploads\/2022\/03\/004-monument.png\" width=\"128\" height=\"128\" \/><\/div><\/div><div class=\"porto-sicon-header\"><h3 class=\"porto-sicon-title\" style=\"\">Conservation of Monuments<\/h3><\/div> <!-- header --><\/div><!-- porto-sicon-box -->\t\t<\/div>\n\t\t\t\t<\/div>\n\t\t\t\t\t<\/div>\r\n\t\t\t\t<\/div>\r\n\t\t\t\t<div class=\"elementor-column elementor-col-12 elementor-inner-column elementor-element elementor-element-298df92d\" data-id=\"298df92d\" data-element_type=\"column\">\r\n\t\t\t\t\t<div class=\"elementor-widget-wrap elementor-element-populated\">\r\n\t\t\t\t\t\t\t\t<div class=\"elementor-element elementor-element-421aff02 solution-box elementor-widget elementor-widget-porto_info_box\" data-id=\"421aff02\" data-element_type=\"widget\" data-widget_type=\"porto_info_box.default\">\n\t\t\t\t<div class=\"elementor-widget-container\">\n\t\t\t<div class=\"porto-sicon-box style_2 top-icon\"><div class=\"porto-sicon-top\"><div id=\"porto-icon-157326258669e452349454b\" class=\"porto-just-icon-wrapper porto-sicon-img\" style=\"\"><img loading=\"lazy\" decoding=\"async\" class=\"img-icon\" alt=\"\" src=\"https:\/\/mmreinigung.at\/wp-content\/uploads\/2022\/03\/005-growth.png\" width=\"128\" height=\"128\" \/><\/div><\/div><div class=\"porto-sicon-header\"><h3 class=\"porto-sicon-title\" style=\"\">Green Space and Plant Maintenance<\/h3><\/div> <!-- header --><\/div><!-- porto-sicon-box -->\t\t<\/div>\n\t\t\t\t<\/div>\n\t\t\t\t\t<\/div>\r\n\t\t\t\t<\/div>\r\n\t\t\t\t<div class=\"elementor-column elementor-col-12 elementor-inner-column elementor-element elementor-element-5bc1ad50\" data-id=\"5bc1ad50\" data-element_type=\"column\">\r\n\t\t\t\t\t<div class=\"elementor-widget-wrap elementor-element-populated\">\r\n\t\t\t\t\t\t\t\t<div class=\"elementor-element elementor-element-64d770c6 solution-box elementor-widget elementor-widget-porto_info_box\" data-id=\"64d770c6\" data-element_type=\"widget\" data-widget_type=\"porto_info_box.default\">\n\t\t\t\t<div class=\"elementor-widget-container\">\n\t\t\t<div class=\"porto-sicon-box style_2 top-icon\"><div class=\"porto-sicon-top\"><div id=\"porto-icon-104354760569e4523494bdd\" class=\"porto-just-icon-wrapper porto-sicon-img\" style=\"\"><img loading=\"lazy\" decoding=\"async\" class=\"img-icon\" alt=\"\" src=\"https:\/\/mmreinigung.at\/wp-content\/uploads\/2022\/03\/006-building.png\" width=\"128\" height=\"128\" \/><\/div><\/div><div class=\"porto-sicon-header\"><h3 class=\"porto-sicon-title\" style=\"\">Facade Cleaning<\/h3><\/div> <!-- header --><\/div><!-- porto-sicon-box -->\t\t<\/div>\n\t\t\t\t<\/div>\n\t\t\t\t\t<\/div>\r\n\t\t\t\t<\/div>\r\n\t\t\t\t<div class=\"elementor-column elementor-col-12 elementor-inner-column elementor-element elementor-element-111b8620\" data-id=\"111b8620\" data-element_type=\"column\">\r\n\t\t\t\t\t<div class=\"elementor-widget-wrap elementor-element-populated\">\r\n\t\t\t\t\t\t\t\t<div class=\"elementor-element elementor-element-1e4eba00 solution-box elementor-widget elementor-widget-porto_info_box\" data-id=\"1e4eba00\" data-element_type=\"widget\" data-widget_type=\"porto_info_box.default\">\n\t\t\t\t<div class=\"elementor-widget-container\">\n\t\t\t<div class=\"porto-sicon-box style_2 top-icon\"><div class=\"porto-sicon-top\"><div id=\"porto-icon-135064183269e4523495255\" class=\"porto-just-icon-wrapper porto-sicon-img\" style=\"\"><img loading=\"lazy\" decoding=\"async\" class=\"img-icon\" alt=\"\" src=\"https:\/\/mmreinigung.at\/wp-content\/uploads\/2022\/03\/007-graffiti.png\" width=\"128\" height=\"128\" \/><\/div><\/div><div class=\"porto-sicon-header\"><h3 class=\"porto-sicon-title\" style=\"\">Graffiti Removal<\/h3><\/div> <!-- header --><\/div><!-- porto-sicon-box -->\t\t<\/div>\n\t\t\t\t<\/div>\n\t\t\t\t\t<\/div>\r\n\t\t\t\t<\/div>\r\n\t\t\t\t<div class=\"elementor-column elementor-col-12 elementor-inner-column elementor-element elementor-element-5324ebd3\" data-id=\"5324ebd3\" data-element_type=\"column\">\r\n\t\t\t\t\t<div class=\"elementor-widget-wrap elementor-element-populated\">\r\n\t\t\t\t\t\t\t\t<div class=\"elementor-element elementor-element-44ccc538 solution-box elementor-widget elementor-widget-porto_info_box\" data-id=\"44ccc538\" data-element_type=\"widget\" data-widget_type=\"porto_info_box.default\">\n\t\t\t\t<div class=\"elementor-widget-container\">\n\t\t\t<div class=\"porto-sicon-box style_2 top-icon\"><div class=\"porto-sicon-top\"><div id=\"porto-icon-170075505769e45234958ff\" class=\"porto-just-icon-wrapper porto-sicon-img\" style=\"\"><img loading=\"lazy\" decoding=\"async\" class=\"img-icon\" alt=\"\" src=\"https:\/\/mmreinigung.at\/wp-content\/uploads\/2022\/03\/008-crime-scene.png\" width=\"128\" height=\"128\" \/><\/div><\/div><div class=\"porto-sicon-header\"><h3 class=\"porto-sicon-title\" style=\"\">Crime Scene Cleanup<\/h3><\/div> <!-- header --><\/div><!-- porto-sicon-box -->\t\t<\/div>\n\t\t\t\t<\/div>\n\t\t\t\t\t<\/div>\r\n\t\t\t\t<\/div>\r\n\t\t\t\t\t<\/div>\r\n\t\t\t\t<\/section>\r\n\t\t\t\t\t<\/div>\r\n\t\t\t\t<\/div>\r\n\t\t\t\t\t<\/div>\r\n\t\t\t\t<\/section>\r\n\t\t\t\t\t\t\t<\/div>","protected":false},"excerpt":{"rendered":"<p>M&amp;M Reinigung Wir von M&amp;M Reinigung e.U. bieten Ihnen m\u00fchelos und unkompliziert einen qualitativen Reinigungsservice rund um Ihre Immobilie. Mit unserem Rundumservice bringen wir alles mit, was f\u00fcr ein sauberes Ergebnis notwendig ist. Unterhaltsreinigung Sonderreinigung Glas- und Rahmenreinigung Denkmalpflege Gr\u00fcnfl\u00e4chen- und Pflanzenpflege Fassadenreinigung Graffitientfernung Tatortreinigung<\/p>","protected":false},"author":1,"featured_media":0,"parent":0,"menu_order":0,"comment_status":"closed","ping_status":"closed","template":"","meta":{"footnotes":""},"class_list":["post-19","page","type-page","status-publish","hentry"],"_links":{"self":[{"href":"https:\/\/mmreinigung.at\/en\/wp-json\/wp\/v2\/pages\/19","targetHints":{"allow":["GET"]}}],"collection":[{"href":"https:\/\/mmreinigung.at\/en\/wp-json\/wp\/v2\/pages"}],"about":[{"href":"https:\/\/mmreinigung.at\/en\/wp-json\/wp\/v2\/types\/page"}],"author":[{"embeddable":true,"href":"https:\/\/mmreinigung.at\/en\/wp-json\/wp\/v2\/users\/1"}],"replies":[{"embeddable":true,"href":"https:\/\/mmreinigung.at\/en\/wp-json\/wp\/v2\/comments?post=19"}],"version-history":[{"count":16,"href":"https:\/\/mmreinigung.at\/en\/wp-json\/wp\/v2\/pages\/19\/revisions"}],"predecessor-version":[{"id":4333,"href":"https:\/\/mmreinigung.at\/en\/wp-json\/wp\/v2\/pages\/19\/revisions\/4333"}],"wp:attachment":[{"href":"https:\/\/mmreinigung.at\/en\/wp-json\/wp\/v2\/media?parent=19"}],"curies":[{"name":"wp","href":"https:\/\/api.w.org\/{rel}","templated":true}]}}